{"id":3297,"date":"2017-10-12T10:37:48","date_gmt":"2017-10-12T09:37:48","guid":{"rendered":"http:\/\/www.zabbalin.com\/le-cirque-des-mots\/?page_id=3297"},"modified":"2018-03-08T16:19:30","modified_gmt":"2018-03-08T15:19:30","slug":"rural-street-art","status":"publish","type":"page","link":"https:\/\/www.zabbalin.com\/le-cirque-des-mots\/rural-street-art\/","title":{"rendered":"Rural Street Art"},"content":{"rendered":"<h1 style=\"text-align: center;\"><span style=\"color: #ff6600;\">R<\/span><span style=\"color: #000000;\">URAL<\/span> <span style=\"color: #ff6600;\">S<\/span>TREET <span style=\"color: #ff6600;\">A<\/span>RT<\/h1>\n<p style=\"text-align: center;\"><div class=\"su-row\"><div class=\"su-column su-column-size-1-2\"><div class=\"su-column-inner su-u-clearfix su-u-trim\"><strong>Dire sur les murs<\/strong> \u00e0 la campagne est un peu diff\u00e9rent que de le faire en zone urbaine.<br \/>\nJe m&rsquo;en doutais, j&rsquo;ai donc choisi de m&rsquo;exprimer sur mes murs, enfin ceux de ma maison, ou sur des publicit\u00e9s que je juge intrusives, outranci\u00e8res, et que je rapproche d&rsquo;une tentative de colonisation.<br \/>\nL&rsquo;anonymat d\u00e9laiss\u00e9, les rencontres sont possibles. Les voitures freinent pour jeter un \u0153il discret, s&rsquo;arr\u00eatent pour me demander ou commenter ce que je fais. C&rsquo;est un peu comme la diff\u00e9rence entre l&rsquo;acteur de th\u00e9\u00e2tre et celui du cin\u00e9ma. Le premier est en un endroit, devant un public, dans une interaction et un rapport directs.<\/div><\/div> <div class=\"su-column su-column-size-1-2\"><div class=\"su-column-inner su-u-clearfix su-u-trim\">Le second se d\u00e9multiplie et croise rarement &#8211; sinon sur les r\u00e9seaux sociaux &#8211; ceux qui voient ses r\u00e9alisations.<br \/>\nEn ruralit\u00e9, cela ne peut aller sans un changement de regard qu&rsquo;il faut accepter. Marginal, po\u00e8te, idiot, atypique, nombreux sont les qualitatifs qui surgissent quand les pratiques s&rsquo;affranchissent des coutumes.<br \/>\nOn n&rsquo;\u00e9crit pas sur les murs. C&rsquo;est ce que l&rsquo;on dit \u00e0 nos enfants.<br \/>\n<strong>On n&rsquo;\u00e9crit pas sur les murs, \u00e7a leur chatouille les oreilles.<\/strong><\/div><\/div><\/div>\n<p>&nbsp;<\/p>\n\n\t\t<style type=\"text\/css\">\n\t\t\t#gallery-1 {\n\t\t\t\tmargin: auto;\n\t\t\t}\n\t\t\t#gallery-1 .gallery-item {\n\t\t\t\tfloat: left;\n\t\t\t\tmargin-top: 10px;\n\t\t\t\ttext-align: center;\n\t\t\t\twidth: 100%;\n\t\t\t}\n\t\t\t#gallery-1 img {\n\t\t\t\tborder: 2px solid #cfcfcf;\n\t\t\t}\n\t\t\t#gallery-1 .gallery-caption {\n\t\t\t\tmargin-left: 0;\n\t\t\t}\n\t\t\t\/* see gallery_shortcode() in wp-includes\/media.php *\/\n\t\t<\/style>\n\t\t<div id='gallery-1' class='gallery galleryid-3297 gallery-columns-1 gallery-size-large'><dl class='gallery-item'>\n\t\t\t<dt class='gallery-icon landscape'>\n\t\t\t\t<img fetchpriority=\"high\" decoding=\"async\" width=\"770\" height=\"83\" src=\"https:\/\/www.zabbalin.com\/le-cirque-des-mots\/wp-content\/uploads\/2017\/10\/08_09_17_Allez_Plus_Chauds-1024x110.jpg\" class=\"attachment-large size-large\" alt=\"allez plus chauds\" srcset=\"https:\/\/www.zabbalin.com\/le-cirque-des-mots\/wp-content\/uploads\/2017\/10\/08_09_17_Allez_Plus_Chauds-1024x110.jpg 1024w, https:\/\/www.zabbalin.com\/le-cirque-des-mots\/wp-content\/uploads\/2017\/10\/08_09_17_Allez_Plus_Chauds-300x32.jpg 300w, https:\/\/www.zabbalin.com\/le-cirque-des-mots\/wp-content\/uploads\/2017\/10\/08_09_17_Allez_Plus_Chauds-768x83.jpg 768w, https:\/\/www.zabbalin.com\/le-cirque-des-mots\/wp-content\/uploads\/2017\/10\/08_09_17_Allez_Plus_Chauds-450x48.jpg 450w, https:\/\/www.zabbalin.com\/le-cirque-des-mots\/wp-content\/uploads\/2017\/10\/08_09_17_Allez_Plus_Chauds-600x65.jpg 600w, https:\/\/www.zabbalin.com\/le-cirque-des-mots\/wp-content\/uploads\/2017\/10\/08_09_17_Allez_Plus_Chauds.jpg 1200w\" sizes=\"(max-width: 770px) 100vw, 770px\" \/>\n\t\t\t<\/dt><\/dl><br style=\"clear: both\" \/><dl class='gallery-item'>\n\t\t\t<dt class='gallery-icon landscape'>\n\t\t\t\t<img decoding=\"async\" width=\"600\" height=\"600\" src=\"https:\/\/www.zabbalin.com\/le-cirque-des-mots\/wp-content\/uploads\/2017\/10\/09_09_17_Allez_Aux_Murs_Avant_Que_Les_Murs_Ne_Viennent_A_Vous.jpg\" class=\"attachment-large size-large\" alt=\"Allez aux murs avant que les murs ne viennent \u00e0 vous.\" srcset=\"https:\/\/www.zabbalin.com\/le-cirque-des-mots\/wp-content\/uploads\/2017\/10\/09_09_17_Allez_Aux_Murs_Avant_Que_Les_Murs_Ne_Viennent_A_Vous.jpg 600w, https:\/\/www.zabbalin.com\/le-cirque-des-mots\/wp-content\/uploads\/2017\/10\/09_09_17_Allez_Aux_Murs_Avant_Que_Les_Murs_Ne_Viennent_A_Vous-150x150.jpg 150w, https:\/\/www.zabbalin.com\/le-cirque-des-mots\/wp-content\/uploads\/2017\/10\/09_09_17_Allez_Aux_Murs_Avant_Que_Les_Murs_Ne_Viennent_A_Vous-300x300.jpg 300w, https:\/\/www.zabbalin.com\/le-cirque-des-mots\/wp-content\/uploads\/2017\/10\/09_09_17_Allez_Aux_Murs_Avant_Que_Les_Murs_Ne_Viennent_A_Vous-144x144.jpg 144w, https:\/\/www.zabbalin.com\/le-cirque-des-mots\/wp-content\/uploads\/2017\/10\/09_09_17_Allez_Aux_Murs_Avant_Que_Les_Murs_Ne_Viennent_A_Vous-450x450.jpg 450w\" sizes=\"(max-width: 600px) 100vw, 600px\" \/>\n\t\t\t<\/dt><\/dl><br style=\"clear: both\" \/><dl class='gallery-item'>\n\t\t\t<dt class='gallery-icon landscape'>\n\t\t\t\t<img decoding=\"async\" width=\"770\" height=\"541\" src=\"https:\/\/www.zabbalin.com\/le-cirque-des-mots\/wp-content\/uploads\/2017\/10\/08_09_17_Fake_Me_I_M_Not_Famous-1024x719.jpg\" class=\"attachment-large size-large\" alt=\"fake me, I&#039;m not famous.\" srcset=\"https:\/\/www.zabbalin.com\/le-cirque-des-mots\/wp-content\/uploads\/2017\/10\/08_09_17_Fake_Me_I_M_Not_Famous-1024x719.jpg 1024w, https:\/\/www.zabbalin.com\/le-cirque-des-mots\/wp-content\/uploads\/2017\/10\/08_09_17_Fake_Me_I_M_Not_Famous-300x211.jpg 300w, https:\/\/www.zabbalin.com\/le-cirque-des-mots\/wp-content\/uploads\/2017\/10\/08_09_17_Fake_Me_I_M_Not_Famous-768x540.jpg 768w, https:\/\/www.zabbalin.com\/le-cirque-des-mots\/wp-content\/uploads\/2017\/10\/08_09_17_Fake_Me_I_M_Not_Famous-450x316.jpg 450w, https:\/\/www.zabbalin.com\/le-cirque-des-mots\/wp-content\/uploads\/2017\/10\/08_09_17_Fake_Me_I_M_Not_Famous-600x422.jpg 600w, https:\/\/www.zabbalin.com\/le-cirque-des-mots\/wp-content\/uploads\/2017\/10\/08_09_17_Fake_Me_I_M_Not_Famous.jpg 1200w\" sizes=\"(max-width: 770px) 100vw, 770px\" \/>\n\t\t\t<\/dt><\/dl><br style=\"clear: both\" \/><dl class='gallery-item'>\n\t\t\t<dt class='gallery-icon landscape'>\n\t\t\t\t<img loading=\"lazy\" decoding=\"async\" width=\"770\" height=\"578\" src=\"https:\/\/www.zabbalin.com\/le-cirque-des-mots\/wp-content\/uploads\/2017\/10\/07_09_17_Un_Camiond_De_Pompier-1024x768.jpg\" class=\"attachment-large size-large\" alt=\"\" srcset=\"https:\/\/www.zabbalin.com\/le-cirque-des-mots\/wp-content\/uploads\/2017\/10\/07_09_17_Un_Camiond_De_Pompier-1024x768.jpg 1024w, https:\/\/www.zabbalin.com\/le-cirque-des-mots\/wp-content\/uploads\/2017\/10\/07_09_17_Un_Camiond_De_Pompier-300x225.jpg 300w, https:\/\/www.zabbalin.com\/le-cirque-des-mots\/wp-content\/uploads\/2017\/10\/07_09_17_Un_Camiond_De_Pompier-768x576.jpg 768w, https:\/\/www.zabbalin.com\/le-cirque-des-mots\/wp-content\/uploads\/2017\/10\/07_09_17_Un_Camiond_De_Pompier-450x338.jpg 450w, https:\/\/www.zabbalin.com\/le-cirque-des-mots\/wp-content\/uploads\/2017\/10\/07_09_17_Un_Camiond_De_Pompier-600x450.jpg 600w, https:\/\/www.zabbalin.com\/le-cirque-des-mots\/wp-content\/uploads\/2017\/10\/07_09_17_Un_Camiond_De_Pompier.jpg 1200w\" sizes=\"(max-width: 770px) 100vw, 770px\" \/>\n\t\t\t<\/dt><\/dl><br style=\"clear: both\" \/><dl class='gallery-item'>\n\t\t\t<dt class='gallery-icon portrait'>\n\t\t\t\t<img loading=\"lazy\" decoding=\"async\" width=\"673\" height=\"1024\" src=\"https:\/\/www.zabbalin.com\/le-cirque-des-mots\/wp-content\/uploads\/2017\/10\/09_09_17_Est_Ce_Que_C_Est_Un_Errons-673x1024.jpg\" class=\"attachment-large size-large\" alt=\"Est-ce que c&#039;est de la peinture ? Non, c&#039;est un errons !\" srcset=\"https:\/\/www.zabbalin.com\/le-cirque-des-mots\/wp-content\/uploads\/2017\/10\/09_09_17_Est_Ce_Que_C_Est_Un_Errons-673x1024.jpg 673w, https:\/\/www.zabbalin.com\/le-cirque-des-mots\/wp-content\/uploads\/2017\/10\/09_09_17_Est_Ce_Que_C_Est_Un_Errons-197x300.jpg 197w, https:\/\/www.zabbalin.com\/le-cirque-des-mots\/wp-content\/uploads\/2017\/10\/09_09_17_Est_Ce_Que_C_Est_Un_Errons-450x685.jpg 450w, https:\/\/www.zabbalin.com\/le-cirque-des-mots\/wp-content\/uploads\/2017\/10\/09_09_17_Est_Ce_Que_C_Est_Un_Errons-600x913.jpg 600w, https:\/\/www.zabbalin.com\/le-cirque-des-mots\/wp-content\/uploads\/2017\/10\/09_09_17_Est_Ce_Que_C_Est_Un_Errons.jpg 723w\" sizes=\"(max-width: 673px) 100vw, 673px\" \/>\n\t\t\t<\/dt><\/dl><br style=\"clear: both\" \/><dl class='gallery-item'>\n\t\t\t<dt class='gallery-icon landscape'>\n\t\t\t\t<img loading=\"lazy\" decoding=\"async\" width=\"770\" height=\"530\" src=\"https:\/\/www.zabbalin.com\/le-cirque-des-mots\/wp-content\/uploads\/2017\/10\/07_09_17_Rien_Ne_Sert_De_Mourir.jpg\" class=\"attachment-large size-large\" alt=\"\" srcset=\"https:\/\/www.zabbalin.com\/le-cirque-des-mots\/wp-content\/uploads\/2017\/10\/07_09_17_Rien_Ne_Sert_De_Mourir.jpg 980w, https:\/\/www.zabbalin.com\/le-cirque-des-mots\/wp-content\/uploads\/2017\/10\/07_09_17_Rien_Ne_Sert_De_Mourir-300x206.jpg 300w, https:\/\/www.zabbalin.com\/le-cirque-des-mots\/wp-content\/uploads\/2017\/10\/07_09_17_Rien_Ne_Sert_De_Mourir-768x528.jpg 768w, https:\/\/www.zabbalin.com\/le-cirque-des-mots\/wp-content\/uploads\/2017\/10\/07_09_17_Rien_Ne_Sert_De_Mourir-450x309.jpg 450w, https:\/\/www.zabbalin.com\/le-cirque-des-mots\/wp-content\/uploads\/2017\/10\/07_09_17_Rien_Ne_Sert_De_Mourir-600x413.jpg 600w\" sizes=\"(max-width: 770px) 100vw, 770px\" \/>\n\t\t\t<\/dt><\/dl><br style=\"clear: both\" \/><dl class='gallery-item'>\n\t\t\t<dt class='gallery-icon landscape'>\n\t\t\t\t<img loading=\"lazy\" decoding=\"async\" width=\"770\" height=\"558\" src=\"https:\/\/www.zabbalin.com\/le-cirque-des-mots\/wp-content\/uploads\/2017\/10\/31_08_17_Mac_DO_monde_de_requins.jpg\" class=\"attachment-large size-large\" alt=\"Monde de requins, phoque you\" srcset=\"https:\/\/www.zabbalin.com\/le-cirque-des-mots\/wp-content\/uploads\/2017\/10\/31_08_17_Mac_DO_monde_de_requins.jpg 974w, https:\/\/www.zabbalin.com\/le-cirque-des-mots\/wp-content\/uploads\/2017\/10\/31_08_17_Mac_DO_monde_de_requins-300x217.jpg 300w, https:\/\/www.zabbalin.com\/le-cirque-des-mots\/wp-content\/uploads\/2017\/10\/31_08_17_Mac_DO_monde_de_requins-768x557.jpg 768w, https:\/\/www.zabbalin.com\/le-cirque-des-mots\/wp-content\/uploads\/2017\/10\/31_08_17_Mac_DO_monde_de_requins-450x326.jpg 450w, https:\/\/www.zabbalin.com\/le-cirque-des-mots\/wp-content\/uploads\/2017\/10\/31_08_17_Mac_DO_monde_de_requins-600x435.jpg 600w\" sizes=\"(max-width: 770px) 100vw, 770px\" \/>\n\t\t\t<\/dt><\/dl><br style=\"clear: both\" \/><dl class='gallery-item'>\n\t\t\t<dt class='gallery-icon portrait'>\n\t\t\t\t<img loading=\"lazy\" decoding=\"async\" width=\"561\" height=\"1024\" src=\"https:\/\/www.zabbalin.com\/le-cirque-des-mots\/wp-content\/uploads\/2017\/10\/07_09_17_Les_Murs_Ont_Des_Corneilles-561x1024.jpg\" class=\"attachment-large size-large\" alt=\"\" srcset=\"https:\/\/www.zabbalin.com\/le-cirque-des-mots\/wp-content\/uploads\/2017\/10\/07_09_17_Les_Murs_Ont_Des_Corneilles-561x1024.jpg 561w, https:\/\/www.zabbalin.com\/le-cirque-des-mots\/wp-content\/uploads\/2017\/10\/07_09_17_Les_Murs_Ont_Des_Corneilles-164x300.jpg 164w, https:\/\/www.zabbalin.com\/le-cirque-des-mots\/wp-content\/uploads\/2017\/10\/07_09_17_Les_Murs_Ont_Des_Corneilles-450x821.jpg 450w, https:\/\/www.zabbalin.com\/le-cirque-des-mots\/wp-content\/uploads\/2017\/10\/07_09_17_Les_Murs_Ont_Des_Corneilles-600x1095.jpg 600w, https:\/\/www.zabbalin.com\/le-cirque-des-mots\/wp-content\/uploads\/2017\/10\/07_09_17_Les_Murs_Ont_Des_Corneilles.jpg 603w\" sizes=\"(max-width: 561px) 100vw, 561px\" \/>\n\t\t\t<\/dt><\/dl><br style=\"clear: both\" \/><dl class='gallery-item'>\n\t\t\t<dt class='gallery-icon portrait'>\n\t\t\t\t<img loading=\"lazy\" decoding=\"async\" width=\"738\" height=\"1000\" src=\"https:\/\/www.zabbalin.com\/le-cirque-des-mots\/wp-content\/uploads\/2017\/10\/27_09_17_Ailleurs_C_Est_Ici_Et_Maintenant.jpg\" class=\"attachment-large size-large\" alt=\"Ailleurs, c&#039;est ici et maintenant\" srcset=\"https:\/\/www.zabbalin.com\/le-cirque-des-mots\/wp-content\/uploads\/2017\/10\/27_09_17_Ailleurs_C_Est_Ici_Et_Maintenant.jpg 738w, https:\/\/www.zabbalin.com\/le-cirque-des-mots\/wp-content\/uploads\/2017\/10\/27_09_17_Ailleurs_C_Est_Ici_Et_Maintenant-221x300.jpg 221w, https:\/\/www.zabbalin.com\/le-cirque-des-mots\/wp-content\/uploads\/2017\/10\/27_09_17_Ailleurs_C_Est_Ici_Et_Maintenant-450x610.jpg 450w, https:\/\/www.zabbalin.com\/le-cirque-des-mots\/wp-content\/uploads\/2017\/10\/27_09_17_Ailleurs_C_Est_Ici_Et_Maintenant-600x813.jpg 600w\" sizes=\"(max-width: 738px) 100vw, 738px\" \/>\n\t\t\t<\/dt><\/dl><br style=\"clear: both\" \/><dl class='gallery-item'>\n\t\t\t<dt class='gallery-icon landscape'>\n\t\t\t\t<img loading=\"lazy\" decoding=\"async\" width=\"770\" height=\"360\" src=\"https:\/\/www.zabbalin.com\/le-cirque-des-mots\/wp-content\/uploads\/2017\/10\/22_09_17_Quitte_A_Etre_Muets_Muons-1024x479.jpg\" class=\"attachment-large size-large\" alt=\"Quitte \u00e0 \u00eatre muets, muons.\" srcset=\"https:\/\/www.zabbalin.com\/le-cirque-des-mots\/wp-content\/uploads\/2017\/10\/22_09_17_Quitte_A_Etre_Muets_Muons-1024x479.jpg 1024w, https:\/\/www.zabbalin.com\/le-cirque-des-mots\/wp-content\/uploads\/2017\/10\/22_09_17_Quitte_A_Etre_Muets_Muons-300x140.jpg 300w, https:\/\/www.zabbalin.com\/le-cirque-des-mots\/wp-content\/uploads\/2017\/10\/22_09_17_Quitte_A_Etre_Muets_Muons-768x359.jpg 768w, https:\/\/www.zabbalin.com\/le-cirque-des-mots\/wp-content\/uploads\/2017\/10\/22_09_17_Quitte_A_Etre_Muets_Muons-450x210.jpg 450w, https:\/\/www.zabbalin.com\/le-cirque-des-mots\/wp-content\/uploads\/2017\/10\/22_09_17_Quitte_A_Etre_Muets_Muons-600x281.jpg 600w, https:\/\/www.zabbalin.com\/le-cirque-des-mots\/wp-content\/uploads\/2017\/10\/22_09_17_Quitte_A_Etre_Muets_Muons.jpg 1200w\" sizes=\"(max-width: 770px) 100vw, 770px\" \/>\n\t\t\t<\/dt><\/dl><br style=\"clear: both\" \/><dl class='gallery-item'>\n\t\t\t<dt class='gallery-icon portrait'>\n\t\t\t\t<img loading=\"lazy\" decoding=\"async\" width=\"675\" height=\"900\" src=\"https:\/\/www.zabbalin.com\/le-cirque-des-mots\/wp-content\/uploads\/2017\/10\/18_09_17_Prendre_Les_Choses_A_L_envers.jpg\" class=\"attachment-large size-large\" alt=\"Prendre les choses \u00e0 l&#039;envers, c&#039;est donner une chance \u00e0 l&#039;endroit.\" srcset=\"https:\/\/www.zabbalin.com\/le-cirque-des-mots\/wp-content\/uploads\/2017\/10\/18_09_17_Prendre_Les_Choses_A_L_envers.jpg 675w, https:\/\/www.zabbalin.com\/le-cirque-des-mots\/wp-content\/uploads\/2017\/10\/18_09_17_Prendre_Les_Choses_A_L_envers-225x300.jpg 225w, https:\/\/www.zabbalin.com\/le-cirque-des-mots\/wp-content\/uploads\/2017\/10\/18_09_17_Prendre_Les_Choses_A_L_envers-450x600.jpg 450w, https:\/\/www.zabbalin.com\/le-cirque-des-mots\/wp-content\/uploads\/2017\/10\/18_09_17_Prendre_Les_Choses_A_L_envers-600x800.jpg 600w\" sizes=\"(max-width: 675px) 100vw, 675px\" \/>\n\t\t\t<\/dt><\/dl><br style=\"clear: both\" \/>\n\t\t<\/div>\n\n","protected":false},"excerpt":{"rendered":"<p>RURAL STREET ART &nbsp;<\/p>\n","protected":false},"author":1,"featured_media":0,"parent":0,"menu_order":0,"comment_status":"open","ping_status":"open","template":"","meta":{"ngg_post_thumbnail":0,"jetpack_post_was_ever_published":false,"footnotes":""},"class_list":["post-3297","page","type-page","status-publish","hentry"],"jetpack_sharing_enabled":true,"jetpack_shortlink":"https:\/\/wp.me\/P6p8HA-Rb","_links":{"self":[{"href":"https:\/\/www.zabbalin.com\/le-cirque-des-mots\/wp-json\/wp\/v2\/pages\/3297","targetHints":{"allow":["GET"]}}],"collection":[{"href":"https:\/\/www.zabbalin.com\/le-cirque-des-mots\/wp-json\/wp\/v2\/pages"}],"about":[{"href":"https:\/\/www.zabbalin.com\/le-cirque-des-mots\/wp-json\/wp\/v2\/types\/page"}],"author":[{"embeddable":true,"href":"https:\/\/www.zabbalin.com\/le-cirque-des-mots\/wp-json\/wp\/v2\/users\/1"}],"replies":[{"embeddable":true,"href":"https:\/\/www.zabbalin.com\/le-cirque-des-mots\/wp-json\/wp\/v2\/comments?post=3297"}],"version-history":[{"count":21,"href":"https:\/\/www.zabbalin.com\/le-cirque-des-mots\/wp-json\/wp\/v2\/pages\/3297\/revisions"}],"predecessor-version":[{"id":3528,"href":"https:\/\/www.zabbalin.com\/le-cirque-des-mots\/wp-json\/wp\/v2\/pages\/3297\/revisions\/3528"}],"wp:attachment":[{"href":"https:\/\/www.zabbalin.com\/le-cirque-des-mots\/wp-json\/wp\/v2\/media?parent=3297"}],"curies":[{"name":"wp","href":"https:\/\/api.w.org\/{rel}","templated":true}]}}